{"id":162,"date":"2017-01-14T12:29:25","date_gmt":"2017-01-14T10:29:25","guid":{"rendered":"http:\/\/senolerdener.com\/vezamandurdu\/?page_id=162"},"modified":"2023-10-28T19:42:55","modified_gmt":"2023-10-28T16:42:55","slug":"oduller","status":"publish","type":"page","link":"https:\/\/senolerdener.com\/vezamandurdu\/oduller\/","title":{"rendered":"POZ\u0130T\u0130FLER + \u00d6D\u00dcLLER"},"content":{"rendered":"<ul>\n<li>2023 D\u00f6rt Mevsim Yomra 2.Ulusal <a href=\"https:\/\/tfsfonayliyarismalar.org\/tr\/yarisma\/detay\/4-mevsim-yomra-2-ulusal-fotograf-yarismasi-tr\">Foto\u011fraf Yar\u0131\u015fmas\u0131nda<\/a> J\u00dcR\u0130 \u00fcyeli\u011fi g\u00f6revini \u00fcstlendi.<\/li>\n<li>2023 G\u0130RESUN KERASUS Foto\u011fraf Kulub\u00fc ile 100.y\u0131l anma Foto\u011fraf sergisine foto\u011fraf\u0131yla destek verdi.<\/li>\n<li>2023 Mersin Foto\u011fraf Derne\u011finde KARADIR ve YAYLALARDA foto\u011fraf sunumlar\u0131yla ve s\u00f6yle\u015fisi ile konuk oldu.<\/li>\n<li>2021 <em>Yomra Belediyesi<\/em> 1. Ulusal <em><a href=\"https:\/\/tfsfonayliyarismalar.org\/tr\/yarisma\/detay\/yomra-belediyesi-1-ulusal-fotograf-yarismasi-tr\">Foto\u011fraf Yar\u0131\u015fmas\u0131nda<\/a> J\u00dcR\u0130 olarak g\u00f6rev ald\u0131.<\/em><\/li>\n<li>2021 \u00c7aykara Belediyesi 1. Ulusal <a href=\"https:\/\/sonuc.tfsfonayliyarismalar.org\/tr\/yarisma-sonuc\/detay\/caykara-belediyesi-1-ulusal-fotograf-yarismasi-tr\">Foto\u011fraf Yar\u0131\u015fmas\u0131nda<\/a> J\u00dcR\u0130 olarak g\u00f6rev ald\u0131<\/li>\n<li>2020 FIAP D\u00fcnya Kul\u00fcpler kupas\u0131 foto\u011fraf yar\u0131\u015fmas\u0131nda \u00a0FOTO\u011eRAFEV\u0130 tak\u0131m\u0131nda yer ald\u0131. Ve Foto\u011frafevi tak\u0131m\u0131, d\u00fcnya genelinde ilk 100 kul\u00fcp aras\u0131na girdi.<\/li>\n<li>2019 <a href=\"https:\/\/www.masterfototim.com\">www.masterfototim.com<\/a> profesyonel foto\u011fraf sitesini a\u00e7t\u0131.<\/li>\n<li>2019 YAPI KRED\u0130 BANKASI Trabzon Foto\u011fraf Kulub\u00fcnde Foto\u011fraf E\u011fitimi verdi.<\/li>\n<li>2019 Nisan 25 \/\u00a0TC Valili\u011fi Trabzon \u0130l K\u00fclt\u00fcr M\u00fcd.l\u00fc\u011f\u00fc I<strong>I. Trabzon Foto\u011fraf \u00c7al\u0131\u015ftay\u0131na\u00a0 &#8220;FOTOGRAFI DUYMAK&#8221; \u00a0Foto\u011fraf Teknik Okumalar\u0131 e\u011fitim semineri<\/strong> vererek \u00a0katk\u0131 verdi.<\/li>\n<li>2018 <a href=\"http:\/\/senolerdener.com\/vezamandurdu\/catalog\/\">badebutik.com<\/a> KATALOG moda foto\u011fraf \u00e7ekimleri yapt\u0131<\/li>\n<li>2018 Ekim Trabzon\u00a0<strong>10.Uluslaras\u0131\u00a0Sanat G\u00fcnler<\/strong>i&#8217;ne &#8220;I\u015eIK SIZ&#8221; adl\u0131 foto\u011fraf sunumu ile misafir.<\/li>\n<li>2018 <a href=\"http:\/\/www.fotono1.com\/index.php\">FotoNo1.com<\/a> &#8216;da Yorumcu ED\u0130T\u00d6R olarak g\u00f6revi yapt\u0131.<\/li>\n<li>2018 Nisan -Aktif Radyo&#8217;da canl\u0131 yay\u0131nda <strong>&#8221;Foto\u011frafname&#8217;<\/strong>adl\u0131 program\u0131 Sn Dilek Bilge ile birlikte haz\u0131rlad\u0131 ve sundu.<\/li>\n<li>2018 Nisan 27\/ TC Valili\u011fi Trabzon \u0130l K\u00fclt\u00fcr M\u00fcd.l\u00fc\u011f\u00fc 4 Mevsim Trabzon Foto\u011fraf \u00c7al\u0131\u015ftay\u0131na\u00a0 &#8220;Yay LA lar DA&#8221; foto\u011fraf sunumu ve s\u00f6yle\u015fisi ile fiili, a\u00e7\u0131lan sergiye foto\u011fraflar\u0131yla katk\u0131 verdi.<\/li>\n<li>2018 <a href=\"http:\/\/gallerytheroute.com\/our-photographers\/\">The Route Photo Gallery \/Amsterdam<\/a> &#8216;da foto\u011fraflar\u0131 sergilenmekte ve sat\u0131\u015fa sunulmaktad\u0131r.<\/li>\n<li>2017-<strong>Trabzon \u015eehir M\u00fczesine 7 foto\u011fraf\u0131<\/strong> kabul edildi ve m\u00fczede sergilenmektedir<\/li>\n<li>2016- &#8220;Sonbahar I\u015f\u0131\u011f\u0131&#8221; adl\u0131 Trabzon Foto\u011frafevi Derne\u011fi Foto\u011fraf Yar\u0131\u015fmas\u0131nda J\u00fcri \u00fcyeli\u011fi yapt\u0131<\/li>\n<li>2016- <strong>Trabzon Fotografevi Dernek Kurucu \u00fcyesi oldu<\/strong><\/li>\n<li>2016 &#8211;<a href=\"https:\/\/www.facebook.com\/photo.php?fbid=10206896544068633&amp;set=pb.1128464102.-2207520000.1556274241.&amp;type=3&amp;theater\"><strong>FUJIFILM X BUS<\/strong><\/a> workshop Trabzon etkinli\u011fine destek verdi.<\/li>\n<li>2015 \u00c7a\u011f\u0131n G\u00f6z Hastanesi 4. Foto\u011fraf Yar\u0131\u015fmas\u0131 G\u00f6z Alabildi\u011fine \u201cSARI\u201d Sergileme \u00f6d\u00fcl\u00fc<\/li>\n<li>2015 G\u00fcm\u00fc\u015fhane Belediyesi K\u00fclt\u00fcr ve Sosyal \u0130\u015fler M\u00fcd\u00fcrl\u00fc\u011f\u00fc 1. Foto\u011fraf Yar\u0131\u015fmas\u0131 Sergileme \u00d6d\u00fcl\u00fc<\/li>\n<li>2015 \u0130BB, MSGS\u00dc, \u0130FSAK 3.Ulusal \u201c\u0130stanbul\u201d Temal\u0131 Foto\u011fraf Yar\u0131\u015fmas\u0131 \u201c\u0130stanbul\u2019un Simgeleri\u201d Sergileme \u00d6d\u00fcl\u00fc<\/li>\n<li>2015- <strong>Master Fototim &#8211; &#8220;M Fototim&#8221; \u00fcnvan\u0131 ald\u0131<\/strong><\/li>\n<li>2014- Trabzon <strong>6.Uluslaras\u0131 Sanat G\u00fcnleri&#8217;<\/strong>ne &#8220;KARADIR II&#8221; adl\u0131 foto\u011fraf g\u00f6sterisi ile misafir oldu.<\/li>\n<li>2014- Trabzon FOTOGRAEV\u0130&#8217;ni Kurdu ve 2 y\u0131l Y\u00f6neticili\u011fini yapt\u0131<\/li>\n<li>2013- Uluslaras\u0131 Olba Foto\u011fraf Yar\u0131\u015fmas\u0131nda FIAP Mansiyon \u00f6d\u00fcl\u00fc kazand\u0131.\/\u00a0Olba-International Photographic Exhibition General Open <strong>AWARDS- FIAP Mansion Award<\/strong><\/li>\n<li>2013- Oyuncakistan AT\u00d6LYE &#8211; Foto\u011fraf Workshop&#8217;unu y\u00f6netti<\/li>\n<li>2012- <strong>GEZFOD 1.Giresun Fotomaraton&#8217;unda j\u00fcri \u00fcyeli\u011fi\u00a0<\/strong><\/li>\n<li>2012- <strong>Foto\u011fraf Teknik Okumalar\u0131 ve Temel Foto\u011fraf\u00e7\u0131l\u0131k E\u011fitmenli\u011fi G\u00f6revine Ba\u015flad\u0131<\/strong><\/li>\n<li>2011- TrafoT- Trabzon Foto\u011fraf Toplulu\u011funun Kuruculu\u011funda yer ald\u0131<\/li>\n<li>2011- SATSO-SAG\u00dcSAD H\u00fcsn\u00fc G\u00fcrsel Ulusal Foto\u011fraf Yar\u0131\u015fmas\u0131 \u201c Anadolu\u2019nun I\u015f\u0131\u011f\u0131nda \u00dcretim \u201d &#8216;de J\u00dcR\u0130 \u00d6zel \u00d6d\u00fcl\u00fc<\/li>\n<li>2011- Do\u011fu Karadeniz Belediyeler Birli\u011fi Foto\u011fraf Yar\u0131\u015fmas\u0131nda 3 foto\u011fraf\u0131 sergileme \u00f6d\u00fcl\u00fc<\/li>\n<li>2011- Anadolu Foto\u011fraf Dergisi Dergi Edit\u00f6rl\u00fc\u011f\u00fc G\u00f6revi<\/li>\n<li>2011- Foto\u011fraf Akademisi &#8220;Foto\u011fraf Notlar\u0131&#8221; Dergisi organizasyon kadrosunda yer ald\u0131 (Trabzon)<\/li>\n<li>2011- KUZEY SANAT Toplulu\u011funun kuruculu\u011funda yer ald\u0131<\/li>\n<li>2011- LEICA Galeri \u0130stanbul&#8217;da ( I\u015f\u0131k s\u0131z) 2.Ki\u015fisel Foto\u011fraf Sergisini a\u00e7t\u0131<\/li>\n<li>2011- FOTOR\u0130T\u0130M dergisinde portfolyosu ve r\u00f6portaj\u0131 yay\u0131nland\u0131<\/li>\n<li>2010- <a href=\"http:\/\/www.fototim.org\/\" target=\"_blank\" rel=\"noopener noreferrer\">www.fototim.org<\/a> web foto\u011fraf payla\u015f\u0131m\u00a0 sitesinin kuruculu\u011funu yapt\u0131.<\/li>\n<li>2011- Trabzon SANAT EV\u0130&#8217;nde (Ve Zaman Durdu) 1.ki\u015fisel sergisini a\u00e7t\u0131<\/li>\n<li>2010- FOTO FORUM 1.Ulusal Foto Forum Foto Maratonunda 3 adet Sergileme \u00d6d\u00fcl\u00fc<\/li>\n<li>2009- A\u00c7EV-\u0130stanbul Foto\u011fraf Merkezi foto\u011fraf yar\u0131\u015fmas\u0131nda 7 foto\u011frafl\u0131 portfolyosuyla B\u0130R\u0130NC\u0130L\u0130K \u00f6d\u00fcl\u00fc (J\u00fcride Ara G\u00fcler g\u00f6rev ald\u0131.)<\/li>\n<li>2009- IMEAK Deniz Ticaret Odas\u0131 10. Geleneksel Foto\u011fraf Yar\u0131\u015fmas\u0131 \u201cDeniz ve \u0130nsan\u201d da Sergileme \u00d6d\u00fcl\u00fc<\/li>\n<li>2008- Adalar K\u00fclt\u00fcr Derne\u011fi &#8220;Adalar\u0131n Sesi&#8221; Foto\u011fraf Yar\u0131\u015fmas\u0131nda Sergileme \u00d6d\u00fcl\u00fc<\/li>\n<li>2008- Sinop Belediyesi &#8220;Foto\u011fraflarla S\u0130NOP&#8221; Foto\u011fraf yar\u0131\u015fmas\u0131nda \u0130K\u0130NC\u0130L\u0130K \u00f6d\u00fcl\u00fc ve 2 adette sergileme \u00f6d\u00fcl\u00fc<\/li>\n<li>2008- Artvin Valili\u011fi D\u00f6rt Mevsim Artvin Foto\u011fraf Yar\u0131\u015fmas\u0131nda Sergileme \u00d6d\u00fcl\u00fc<\/li>\n<li>2008- Foto Forum- Trabzon Foto\u011fraf Sanat\u0131 Derne\u011fine \u00dcye oldu<\/li>\n<li>2006- Dijital DSLR d\u00f6nemine ge\u00e7ti. \u0130lk DSLR makinesi CANON 350D oldu.<\/li>\n<li>1985 TC Trabzon Valisi ile 19 May\u0131s r\u00f6portaj\u0131nda foto\u011fraf\u00e7\u0131l\u0131k yapt\u0131.<\/li>\n<li>1980 \u00a0WERA filmli analog foto\u011fraf makinesi ile foto\u011frafa ba\u015flad\u0131.<\/li>\n<\/ul>\n","protected":false},"excerpt":{"rendered":"<p>2023 D\u00f6rt Mevsim Yomra 2.Ulusal Foto\u011fraf Yar\u0131\u015fmas\u0131nda J\u00dcR\u0130 \u00fcyeli\u011fi g\u00f6revini \u00fcstlendi. 2023 G\u0130RESUN KERASUS Foto\u011fraf Kulub\u00fc ile 100.y\u0131l anma Foto\u011fraf sergisine foto\u011fraf\u0131yla destek verdi. 2023 Mersin Foto\u011fraf Derne\u011finde KARADIR ve YAYLALARDA foto\u011fraf sunumlar\u0131yla ve s\u00f6yle\u015fisi ile konuk oldu. 2021 Yomra Belediyesi 1. Ulusal Foto\u011fraf Yar\u0131\u015fmas\u0131nda J\u00dcR\u0130 olarak g\u00f6rev ald\u0131. 2021 \u00c7aykara Belediyesi 1. Ulusal Foto\u011fraf [&hellip;]<\/p>\n","protected":false},"author":1,"featured_media":0,"parent":0,"menu_order":0,"comment_status":"closed","ping_status":"closed","template":"","meta":{"footnotes":""},"class_list":["post-162","page","type-page","status-publish","hentry"],"_links":{"self":[{"href":"https:\/\/senolerdener.com\/vezamandurdu\/wp-json\/wp\/v2\/pages\/162","targetHints":{"allow":["GET"]}}],"collection":[{"href":"https:\/\/senolerdener.com\/vezamandurdu\/wp-json\/wp\/v2\/pages"}],"about":[{"href":"https:\/\/senolerdener.com\/vezamandurdu\/wp-json\/wp\/v2\/types\/page"}],"author":[{"embeddable":true,"href":"https:\/\/senolerdener.com\/vezamandurdu\/wp-json\/wp\/v2\/users\/1"}],"replies":[{"embeddable":true,"href":"https:\/\/senolerdener.com\/vezamandurdu\/wp-json\/wp\/v2\/comments?post=162"}],"version-history":[{"count":44,"href":"https:\/\/senolerdener.com\/vezamandurdu\/wp-json\/wp\/v2\/pages\/162\/revisions"}],"predecessor-version":[{"id":1020,"href":"https:\/\/senolerdener.com\/vezamandurdu\/wp-json\/wp\/v2\/pages\/162\/revisions\/1020"}],"wp:attachment":[{"href":"https:\/\/senolerdener.com\/vezamandurdu\/wp-json\/wp\/v2\/media?parent=162"}],"curies":[{"name":"wp","href":"https:\/\/api.w.org\/{rel}","templated":true}]}}