{"id":166,"date":"2017-01-14T12:33:34","date_gmt":"2017-01-14T10:33:34","guid":{"rendered":"http:\/\/senolerdener.com\/vezamandurdu\/?page_id=166"},"modified":"2025-01-04T19:18:19","modified_gmt":"2025-01-04T16:18:19","slug":"jurilikler","status":"publish","type":"page","link":"https:\/\/senolerdener.com\/vezamandurdu\/jurilikler\/","title":{"rendered":"J\u00fcrilik"},"content":{"rendered":"<p>\u015eenol Erdener;<\/p>\n<ul>\n<li>2024 -TC K\u00fclt\u00fcr Bakanl\u0131\u011f\u0131 -Trabzon K\u00fclt\u00fcrYOLU Festivali Foto\u011fraf \u00a0Yar\u0131\u015fmas\u0131 J\u00fcri \u00dcyeli\u011fi<\/li>\n<li>2023-Yomra Belediyesi -D\u00f6rt Mevsim Yomra 2.Ulusal Foto\u011fraf Yar\u0131\u015fmas\u0131 J\u00fcri \u00dcyeli\u011fi<\/li>\n<\/ul>\n<ul>\n<li>2021-Yomra Belediyesi -D\u00f6rt Mevsim Yomra 1.Ulusal Foto\u011fraf Yar\u0131\u015fmas\u0131 J\u00fcri \u00dcyeli\u011fi<\/li>\n<li>2021 -\u00c7aykara Belediyesi &#8211; D\u00f6rt Mevsim \u00c7aykara 1.Ulusal Foto\u011fraf Yar\u0131\u015fmas\u0131 J\u00fcri \u00dcyeli\u011fi<\/li>\n<li>2020 -Ortahisar Platformu &#8211; Trabzon&#8217;da G\u00fcnbat\u0131m\u0131 Foto\u011fraf Yar\u0131\u015fmas\u0131 J\u00fcri \u00dcyeli\u011fi<\/li>\n<li>2017- Karadeniz Teknik \u00dcniversitesi TRAKTUS Dergisi Foto\u011fraf Yar\u0131\u015fmas\u0131nda J\u00fcri \u00fcyeli\u011fi<\/li>\n<li>2016- Trabzon Fotografevi Derne\u011fi &#8220;Sonbahar I\u015f\u0131\u011f\u0131&#8221; Foto\u011fraf Yar\u0131\u015fmas\u0131 J\u00fcrili\u011fi<\/li>\n<li>2015- TFSF- TONYA-KUMYATAK Foto MARATONU J\u00fcrili\u011fi<\/li>\n<li>2015- Trabzon FOTOGRAFEV\u0130 &#8220;Trabzon&#8217;A BAK II&#8221; Foto\u011fraf Yar\u0131\u015fmas\u0131 J\u00fcrili\u011fi<\/li>\n<li>2014- Trabzon FOTOGRAFEV\u0130 &#8220;Trabzon&#8217;A BAK&#8221; Foto\u011fraf Yar\u0131\u015fmas\u0131 J\u00fcrili\u011fi<\/li>\n<li>2013- GEZFOD 1.Giresun Fotomaratonu J\u00fcrili\u011fi<\/li>\n<li>2012- 52. Ulusal N\u00f6roloji Kongresi Foto\u011fraf Yar\u0131\u015fmas\u0131 J\u00fcrili\u011fi<\/li>\n<li>2010-2017 Fototim &#8220;EDITOR&#8217;S CHOICE CONTEST&#8221; j\u00fcrisi<\/li>\n<li>2010-2017 Fototim &#8220;COVER PHOTO CONTEST&#8221; j\u00fcrisi<\/li>\n<\/ul>\n","protected":false},"excerpt":{"rendered":"<p>\u015eenol Erdener; 2024 -TC K\u00fclt\u00fcr Bakanl\u0131\u011f\u0131 -Trabzon K\u00fclt\u00fcrYOLU Festivali Foto\u011fraf \u00a0Yar\u0131\u015fmas\u0131 J\u00fcri \u00dcyeli\u011fi 2023-Yomra Belediyesi -D\u00f6rt Mevsim Yomra 2.Ulusal Foto\u011fraf Yar\u0131\u015fmas\u0131 J\u00fcri \u00dcyeli\u011fi 2021-Yomra Belediyesi -D\u00f6rt Mevsim Yomra 1.Ulusal Foto\u011fraf Yar\u0131\u015fmas\u0131 J\u00fcri \u00dcyeli\u011fi 2021 -\u00c7aykara Belediyesi &#8211; D\u00f6rt Mevsim \u00c7aykara 1.Ulusal Foto\u011fraf Yar\u0131\u015fmas\u0131 J\u00fcri \u00dcyeli\u011fi 2020 -Ortahisar Platformu &#8211; Trabzon&#8217;da G\u00fcnbat\u0131m\u0131 Foto\u011fraf Yar\u0131\u015fmas\u0131 J\u00fcri \u00dcyeli\u011fi [&hellip;]<\/p>\n","protected":false},"author":1,"featured_media":0,"parent":0,"menu_order":0,"comment_status":"closed","ping_status":"closed","template":"","meta":{"footnotes":""},"class_list":["post-166","page","type-page","status-publish","hentry"],"_links":{"self":[{"href":"https:\/\/senolerdener.com\/vezamandurdu\/wp-json\/wp\/v2\/pages\/166","targetHints":{"allow":["GET"]}}],"collection":[{"href":"https:\/\/senolerdener.com\/vezamandurdu\/wp-json\/wp\/v2\/pages"}],"about":[{"href":"https:\/\/senolerdener.com\/vezamandurdu\/wp-json\/wp\/v2\/types\/page"}],"author":[{"embeddable":true,"href":"https:\/\/senolerdener.com\/vezamandurdu\/wp-json\/wp\/v2\/users\/1"}],"replies":[{"embeddable":true,"href":"https:\/\/senolerdener.com\/vezamandurdu\/wp-json\/wp\/v2\/comments?post=166"}],"version-history":[{"count":12,"href":"https:\/\/senolerdener.com\/vezamandurdu\/wp-json\/wp\/v2\/pages\/166\/revisions"}],"predecessor-version":[{"id":1078,"href":"https:\/\/senolerdener.com\/vezamandurdu\/wp-json\/wp\/v2\/pages\/166\/revisions\/1078"}],"wp:attachment":[{"href":"https:\/\/senolerdener.com\/vezamandurdu\/wp-json\/wp\/v2\/media?parent=166"}],"curies":[{"name":"wp","href":"https:\/\/api.w.org\/{rel}","templated":true}]}}