{"id":168,"date":"2017-01-14T12:34:47","date_gmt":"2017-01-14T10:34:47","guid":{"rendered":"http:\/\/senolerdener.com\/vezamandurdu\/?page_id=168"},"modified":"2020-09-26T12:58:19","modified_gmt":"2020-09-26T09:58:19","slug":"yayinlar","status":"publish","type":"page","link":"https:\/\/senolerdener.com\/vezamandurdu\/yayinlar\/","title":{"rendered":"YAYINLAR"},"content":{"rendered":"<ul>\n<li>2018 Ekim- <a href=\"https:\/\/shop.gallerytheroute.com\/collections\/senol-erdener\">The Route Photo Gallery\/Amsterdam web&#8217;de online olarak foto\u011fraflar\u0131n\u0131n sat\u0131\u015flar\u0131 ba\u015flad\u0131.<\/a><\/li>\n<li>2018 Eyl\u00fcl 30- Fotono1&#8217;de <a href=\"http:\/\/www.fotono1.com\/detay.php?id=773\">detayl\u0131 foto\u011fraf yorumu\u00a0<\/a> yay\u0131nland\u0131.<\/li>\n<li>2018 Agustos 16- Fotono1&#8217;de <a href=\"http:\/\/www.fotono1.com\/detay.php?id=763\">detayl\u0131 foto\u011fraf yorumu<\/a> yay\u0131nland\u0131<\/li>\n<li>2018 <a href=\"http:\/\/senolerdener.com\/vezamandurdu\/fotografname-radyo-programi\/\">Radyo Aktif &#8211; FOTO\u011eRAFNAME adl\u0131 program yay\u0131n\u0131<\/a><\/li>\n<li>2018 <a href=\"http:\/\/gallerytheroute.com\/our-photographers\/\"> The Route Photo Gallery \/Amsterdam<\/a><\/li>\n<li>2017 Radyo Aktif Canl\u0131 Yay\u0131n radyo r\u00f6portaj\u0131<\/li>\n<li>2012- Temel Foto\u011fraf E\u011fitim Kitab\u0131 bas\u0131l\u0131 olarak yay\u0131nland\u0131<\/li>\n<li>2010- I\u015eIKSIZ \/ Leica Galeri\u00a0 \u015eenol Erdener Sergi Foto\u011fraflar\u0131 Katalo\u011fu<\/li>\n<li>2010- Ve Zaman Durdu \/ Trabzon SANATEV\u0130 \u015eenol Erdener Sergi Foto\u011fraflar\u0131 Katalo\u011fu<\/li>\n<li>2010- <a href=\"http:\/\/www.arsivfotoritim.com\/yazi\/senol-erdener-isik-siz\/\">Fotoritim Dergisi R\u00f6portaj\u0131<\/a><\/li>\n<\/ul>\n","protected":false},"excerpt":{"rendered":"<p>2018 Ekim- The Route Photo Gallery\/Amsterdam web&#8217;de online olarak foto\u011fraflar\u0131n\u0131n sat\u0131\u015flar\u0131 ba\u015flad\u0131. 2018 Eyl\u00fcl 30- Fotono1&#8217;de detayl\u0131 foto\u011fraf yorumu\u00a0 yay\u0131nland\u0131. 2018 Agustos 16- Fotono1&#8217;de detayl\u0131 foto\u011fraf yorumu yay\u0131nland\u0131 2018 Radyo Aktif &#8211; FOTO\u011eRAFNAME adl\u0131 program yay\u0131n\u0131 2018 The Route Photo Gallery \/Amsterdam 2017 Radyo Aktif Canl\u0131 Yay\u0131n radyo r\u00f6portaj\u0131 2012- Temel Foto\u011fraf E\u011fitim Kitab\u0131 bas\u0131l\u0131 [&hellip;]<\/p>\n","protected":false},"author":1,"featured_media":0,"parent":0,"menu_order":0,"comment_status":"closed","ping_status":"closed","template":"","meta":{"footnotes":""},"class_list":["post-168","page","type-page","status-publish","hentry"],"_links":{"self":[{"href":"https:\/\/senolerdener.com\/vezamandurdu\/wp-json\/wp\/v2\/pages\/168","targetHints":{"allow":["GET"]}}],"collection":[{"href":"https:\/\/senolerdener.com\/vezamandurdu\/wp-json\/wp\/v2\/pages"}],"about":[{"href":"https:\/\/senolerdener.com\/vezamandurdu\/wp-json\/wp\/v2\/types\/page"}],"author":[{"embeddable":true,"href":"https:\/\/senolerdener.com\/vezamandurdu\/wp-json\/wp\/v2\/users\/1"}],"replies":[{"embeddable":true,"href":"https:\/\/senolerdener.com\/vezamandurdu\/wp-json\/wp\/v2\/comments?post=168"}],"version-history":[{"count":16,"href":"https:\/\/senolerdener.com\/vezamandurdu\/wp-json\/wp\/v2\/pages\/168\/revisions"}],"predecessor-version":[{"id":978,"href":"https:\/\/senolerdener.com\/vezamandurdu\/wp-json\/wp\/v2\/pages\/168\/revisions\/978"}],"wp:attachment":[{"href":"https:\/\/senolerdener.com\/vezamandurdu\/wp-json\/wp\/v2\/media?parent=168"}],"curies":[{"name":"wp","href":"https:\/\/api.w.org\/{rel}","templated":true}]}}