{"id":181,"date":"2017-01-14T14:16:18","date_gmt":"2017-01-14T12:16:18","guid":{"rendered":"http:\/\/senolerdener.com\/vezamandurdu\/?page_id=181"},"modified":"2017-05-24T18:07:25","modified_gmt":"2017-05-24T15:07:25","slug":"fototim","status":"publish","type":"page","link":"https:\/\/senolerdener.com\/vezamandurdu\/fototim\/","title":{"rendered":"Fototim"},"content":{"rendered":"<p>2010 y\u0131l\u0131nda \u015eenol Erdener&#8217;in \u00f6nc\u00fcl\u00fc\u011f\u00fcnde kurulan Foto\u011fraf Payla\u015f\u0131m sitesidir. Foto\u011fraf payla\u015f\u0131mlar\u0131nda ba\u015far\u0131l\u0131 bulunan foto\u011fraf\u00e7\u0131lar\u0131 \u00f6d\u00fcllendirmek ve tan\u0131tmak amac\u0131yla; amat\u00f6r ve profesyonel foto\u011fraf\u00e7\u0131lar\u0131n portfolyolar\u0131n\u0131 e-dergi yay\u0131n\u0131 ile \u00f6n plana \u00e7\u0131karmay\u0131 ama\u00e7lamaktad\u0131r. 2017 y\u0131l\u0131 May\u0131s ay\u0131na kadar <strong>50<\/strong><b>.say\u0131s\u0131na<\/b> ula\u015fan <b>Fototim E Dergi<\/b> yay\u0131n hayat\u0131na devam etmektedir.<\/p>\n<div id=\"attachment_196\" style=\"width: 586px\" class=\"wp-caption aligncenter\"><a href=\"http:\/\/www.fototim.org\" target=\"_blank\" rel=\"noopener noreferrer\"><img loading=\"lazy\" decoding=\"async\" aria-describedby=\"caption-attachment-196\" class=\"wp-image-196 size-medium\" src=\"http:\/\/senolerdener.com\/vezamandurdu\/wp-content\/uploads\/fototim-logoludergi1-576x600.jpg\" width=\"576\" height=\"600\" srcset=\"https:\/\/senolerdener.com\/vezamandurdu\/wp-content\/uploads\/fototim-logoludergi1-576x600.jpg 576w, https:\/\/senolerdener.com\/vezamandurdu\/wp-content\/uploads\/fototim-logoludergi1-508x529.jpg 508w, https:\/\/senolerdener.com\/vezamandurdu\/wp-content\/uploads\/fototim-logoludergi1.jpg 600w\" sizes=\"auto, (max-width: 576px) 100vw, 576px\" \/><\/a><p id=\"caption-attachment-196\" class=\"wp-caption-text\">Fototim&#8217;in t\u00fcm faaliyetleri hakk\u0131nda bilgi almak i\u00e7in l\u00fctfen g\u00f6rseli t\u0131klay\u0131n\u0131z.<\/p><\/div>\n","protected":false},"excerpt":{"rendered":"<p>2010 y\u0131l\u0131nda \u015eenol Erdener&#8217;in \u00f6nc\u00fcl\u00fc\u011f\u00fcnde kurulan Foto\u011fraf Payla\u015f\u0131m sitesidir. Foto\u011fraf payla\u015f\u0131mlar\u0131nda ba\u015far\u0131l\u0131 bulunan foto\u011fraf\u00e7\u0131lar\u0131 \u00f6d\u00fcllendirmek ve tan\u0131tmak amac\u0131yla; amat\u00f6r ve profesyonel foto\u011fraf\u00e7\u0131lar\u0131n portfolyolar\u0131n\u0131 e-dergi yay\u0131n\u0131 ile \u00f6n plana \u00e7\u0131karmay\u0131 ama\u00e7lamaktad\u0131r. 2017 y\u0131l\u0131 May\u0131s ay\u0131na kadar 50.say\u0131s\u0131na ula\u015fan Fototim E Dergi yay\u0131n hayat\u0131na devam etmektedir.<\/p>\n","protected":false},"author":1,"featured_media":0,"parent":0,"menu_order":0,"comment_status":"closed","ping_status":"closed","template":"","meta":{"footnotes":""},"class_list":["post-181","page","type-page","status-publish","hentry"],"_links":{"self":[{"href":"https:\/\/senolerdener.com\/vezamandurdu\/wp-json\/wp\/v2\/pages\/181","targetHints":{"allow":["GET"]}}],"collection":[{"href":"https:\/\/senolerdener.com\/vezamandurdu\/wp-json\/wp\/v2\/pages"}],"about":[{"href":"https:\/\/senolerdener.com\/vezamandurdu\/wp-json\/wp\/v2\/types\/page"}],"author":[{"embeddable":true,"href":"https:\/\/senolerdener.com\/vezamandurdu\/wp-json\/wp\/v2\/users\/1"}],"replies":[{"embeddable":true,"href":"https:\/\/senolerdener.com\/vezamandurdu\/wp-json\/wp\/v2\/comments?post=181"}],"version-history":[{"count":5,"href":"https:\/\/senolerdener.com\/vezamandurdu\/wp-json\/wp\/v2\/pages\/181\/revisions"}],"predecessor-version":[{"id":384,"href":"https:\/\/senolerdener.com\/vezamandurdu\/wp-json\/wp\/v2\/pages\/181\/revisions\/384"}],"wp:attachment":[{"href":"https:\/\/senolerdener.com\/vezamandurdu\/wp-json\/wp\/v2\/media?parent=181"}],"curies":[{"name":"wp","href":"https:\/\/api.w.org\/{rel}","templated":true}]}}