{"id":183,"date":"2017-01-14T14:17:20","date_gmt":"2017-01-14T12:17:20","guid":{"rendered":"http:\/\/senolerdener.com\/vezamandurdu\/?page_id=183"},"modified":"2017-01-14T14:35:40","modified_gmt":"2017-01-14T12:35:40","slug":"master-fototim","status":"publish","type":"page","link":"https:\/\/senolerdener.com\/vezamandurdu\/master-fototim\/","title":{"rendered":"Master Fototim"},"content":{"rendered":"<p>2015 y\u0131l\u0131nda \u015eenol Erdener&#8217;in \u00f6nc\u00fcl\u00fc\u011f\u00fcnde kurulan Uluslararas\u0131 Foto\u011fraf Sanat\u00e7\u0131s\u0131 \u00dcnvan\u0131 veren ve usta foto\u011fraf\u00e7\u0131lar yeti\u015fmesine destek olan bir kurumdur.<\/p>\n<div id=\"attachment_194\" style=\"width: 610px\" class=\"wp-caption aligncenter\"><a href=\"http:\/\/www.masterfototim.com\" target=\"_blank\"><img loading=\"lazy\" decoding=\"async\" aria-describedby=\"caption-attachment-194\" class=\"wp-image-194 size-full\" src=\"http:\/\/senolerdener.com\/vezamandurdu\/wp-content\/uploads\/masterfototim-logo1.jpg\" width=\"600\" height=\"600\" srcset=\"https:\/\/senolerdener.com\/vezamandurdu\/wp-content\/uploads\/masterfototim-logo1.jpg 600w, https:\/\/senolerdener.com\/vezamandurdu\/wp-content\/uploads\/masterfototim-logo1-508x508.jpg 508w\" sizes=\"auto, (max-width: 600px) 100vw, 600px\" \/><\/a><p id=\"caption-attachment-194\" class=\"wp-caption-text\">Bilgi almak i\u00e7in l\u00fctfen g\u00f6rseli t\u0131klay\u0131n\u0131z.<\/p><\/div>\n","protected":false},"excerpt":{"rendered":"<p>2015 y\u0131l\u0131nda \u015eenol Erdener&#8217;in \u00f6nc\u00fcl\u00fc\u011f\u00fcnde kurulan Uluslararas\u0131 Foto\u011fraf Sanat\u00e7\u0131s\u0131 \u00dcnvan\u0131 veren ve usta foto\u011fraf\u00e7\u0131lar yeti\u015fmesine destek olan bir kurumdur.<\/p>\n","protected":false},"author":1,"featured_media":0,"parent":0,"menu_order":0,"comment_status":"closed","ping_status":"closed","template":"","meta":{"footnotes":""},"class_list":["post-183","page","type-page","status-publish","hentry"],"_links":{"self":[{"href":"https:\/\/senolerdener.com\/vezamandurdu\/wp-json\/wp\/v2\/pages\/183","targetHints":{"allow":["GET"]}}],"collection":[{"href":"https:\/\/senolerdener.com\/vezamandurdu\/wp-json\/wp\/v2\/pages"}],"about":[{"href":"https:\/\/senolerdener.com\/vezamandurdu\/wp-json\/wp\/v2\/types\/page"}],"author":[{"embeddable":true,"href":"https:\/\/senolerdener.com\/vezamandurdu\/wp-json\/wp\/v2\/users\/1"}],"replies":[{"embeddable":true,"href":"https:\/\/senolerdener.com\/vezamandurdu\/wp-json\/wp\/v2\/comments?post=183"}],"version-history":[{"count":3,"href":"https:\/\/senolerdener.com\/vezamandurdu\/wp-json\/wp\/v2\/pages\/183\/revisions"}],"predecessor-version":[{"id":195,"href":"https:\/\/senolerdener.com\/vezamandurdu\/wp-json\/wp\/v2\/pages\/183\/revisions\/195"}],"wp:attachment":[{"href":"https:\/\/senolerdener.com\/vezamandurdu\/wp-json\/wp\/v2\/media?parent=183"}],"curies":[{"name":"wp","href":"https:\/\/api.w.org\/{rel}","templated":true}]}}