{"id":303,"date":"2017-05-17T11:17:09","date_gmt":"2017-05-17T08:17:09","guid":{"rendered":"http:\/\/senolerdener.com\/vezamandurdu\/?page_id=303"},"modified":"2020-06-18T12:14:07","modified_gmt":"2020-06-18T09:14:07","slug":"dijital-fotograf-isleme","status":"publish","type":"page","link":"https:\/\/senolerdener.com\/vezamandurdu\/dijital-fotograf-isleme\/","title":{"rendered":"D\u0130J\u0130TAL FOTO\u011eRAF \u0130\u015eLEME KURSU"},"content":{"rendered":"<p>Foto\u011fraf sanat\u00e7\u0131s\u0131, e\u011fitmen ve Fototim &amp; Trabzon FOTOGRAFEV\u0130 kurucusu \u015eenol Erdener;<br \/>\ntemel foto\u011fraf\u00e7\u0131l\u0131k bilgisine sahip foto\u011fraf\u00e7\u0131lara;\u00a0 Photoshop kursu ve Camera Raw kursu veriyor ve \u00a0programlar\u0131n\u0131n kullan\u0131m\u0131 ile kaliteli ve fark yaratan foto\u011fraf i\u015fleme tekniklerine ula\u015ft\u0131racak<br \/>\n\u00d6ZEL dersler vermeye devam ediyor.<br \/>\nUnutmay\u0131n; Foto\u011fraf sevgisi a\u015f\u0131layan tek e\u011fitim, \u00f6zel e\u011fitimdir.<\/p>\n<p><strong>\u00d6zel e\u011fitim plan\u0131n\u0131z\u0131 olu\u015fturmak i\u00e7in hemen aray\u0131n\u0131z: 05324089667<\/strong><\/p>\n<p><strong>Photoshop kursu Konular\u0131m\u0131z<\/strong><br \/>\nYeni bir g\u00f6r\u00fcnt\u00fcye ba\u015flamak<br \/>\nAra\u00e7 Kutusu<br \/>\nSe\u00e7im Ara\u00e7lar\u0131<\/p>\n<p>Boyama Ara\u00e7lar\u0131<\/p>\n<p>Yaz\u0131 ve Kalem Ara\u00e7lar\u0131<br \/>\nG\u00f6r\u00fcnt\u00fcleme Ara\u00e7lar\u0131<br \/>\nTool Options \u00c7ubu\u011fu<br \/>\nMen\u00fcler<br \/>\nFile ve Edit Men\u00fcleri<br \/>\nImage Men\u00fcs\u00fc<br \/>\nLayer Men\u00fcs\u00fc<br \/>\nSelect Men\u00fcs\u00fc<br \/>\nFiltre Men\u00fcs\u00fc<\/p>\n<p>View Men\u00fcs\u00fc<br \/>\nWindow Men\u00fcs\u00fc<\/p>\n<p>Help Men\u00fcs\u00fc<br \/>\nDosya A\u00e7ma, boyutland\u0131rma ve kaydetme<br \/>\nSe\u00e7im Yapma<\/p>\n<p>Renk Kipleri ve renk modelleri<br \/>\nRenk ve di\u011fer Ayarlamalar<\/p>\n<p>Smudge Arac\u0131<br \/>\nBlur Arac\u0131<br \/>\nSharpener Arac\u0131<br \/>\nDodge Arac\u0131<br \/>\nBurn Arac\u0131<br \/>\nSponge Arac\u0131<br \/>\nYeniden boyutland\u0131rma<br \/>\nKatmanlar\u0131n kullan\u0131m\u0131<br \/>\nYaz\u0131 eklemek<br \/>\nFiltreler<\/p>\n<p>CAMERA RAW uygulamalar\u0131<\/p>\n<p><img loading=\"lazy\" decoding=\"async\" class=\"size-medium wp-image-305 aligncenter\" src=\"http:\/\/senolerdener.com\/vezamandurdu\/wp-content\/uploads\/cc-600x509.png\" alt=\"\" width=\"600\" height=\"509\" srcset=\"https:\/\/senolerdener.com\/vezamandurdu\/wp-content\/uploads\/cc-600x509.png 600w, https:\/\/senolerdener.com\/vezamandurdu\/wp-content\/uploads\/cc-768x651.png 768w, https:\/\/senolerdener.com\/vezamandurdu\/wp-content\/uploads\/cc.png 1024w, https:\/\/senolerdener.com\/vezamandurdu\/wp-content\/uploads\/cc-508x431.png 508w\" sizes=\"auto, (max-width: 600px) 100vw, 600px\" \/><\/p>\n<p><strong>\u015eenol Erdener&#8217;in Verdi\u011fi di\u011fer kurslar<\/strong><\/p>\n<div>\n<div>Foto\u011fraf\u00e7\u0131l\u0131k kursu<\/div>\n<div>Trabzon&#8217;da Foto\u011fraf\u00e7\u0131l\u0131k kursu<\/div>\n<div>Temel foto\u011fraf\u00e7\u0131l\u0131k kursu<\/div>\n<div>\u0130leri d\u00fczey foto\u011fraf kursu<\/div>\n<div>D\u00fc\u011f\u00fcn foto\u011fraf\u00e7\u0131l\u0131\u011f\u0131 kursu<\/div>\n<div>Bebek foto\u011fraf\u00e7\u0131l\u0131\u011f\u0131 kursu<\/div>\n<div>Do\u011fum foto\u011fraf\u00e7\u0131l\u0131\u011f\u0131 kursu<\/div>\n<div>Do\u011fa Foto\u011fraf\u00e7\u0131l\u0131\u011f\u0131 kursu<\/div>\n<div>\u00d6zel g\u00fcn foto\u011fraf\u00e7\u0131l\u0131\u011f\u0131 kursu<\/div>\n<div>Mesleki foto\u011fraf\u00e7\u0131l\u0131k kursu<\/div>\n<div>Online foto\u011fraf\u00e7\u0131l\u0131k kursu<\/div>\n<\/div>\n<div><\/div>\n<p>&nbsp;<\/p>\n","protected":false},"excerpt":{"rendered":"<p>Foto\u011fraf sanat\u00e7\u0131s\u0131, e\u011fitmen ve Fototim &amp; Trabzon FOTOGRAFEV\u0130 kurucusu \u015eenol Erdener; temel foto\u011fraf\u00e7\u0131l\u0131k bilgisine sahip foto\u011fraf\u00e7\u0131lara;\u00a0 Photoshop kursu ve Camera Raw kursu veriyor ve \u00a0programlar\u0131n\u0131n kullan\u0131m\u0131 ile kaliteli ve fark yaratan foto\u011fraf i\u015fleme tekniklerine ula\u015ft\u0131racak \u00d6ZEL dersler vermeye devam ediyor. Unutmay\u0131n; Foto\u011fraf sevgisi a\u015f\u0131layan tek e\u011fitim, \u00f6zel e\u011fitimdir. \u00d6zel e\u011fitim plan\u0131n\u0131z\u0131 olu\u015fturmak i\u00e7in hemen aray\u0131n\u0131z: [&hellip;]<\/p>\n","protected":false},"author":2,"featured_media":0,"parent":0,"menu_order":0,"comment_status":"closed","ping_status":"closed","template":"","meta":{"footnotes":""},"class_list":["post-303","page","type-page","status-publish","hentry"],"_links":{"self":[{"href":"https:\/\/senolerdener.com\/vezamandurdu\/wp-json\/wp\/v2\/pages\/303","targetHints":{"allow":["GET"]}}],"collection":[{"href":"https:\/\/senolerdener.com\/vezamandurdu\/wp-json\/wp\/v2\/pages"}],"about":[{"href":"https:\/\/senolerdener.com\/vezamandurdu\/wp-json\/wp\/v2\/types\/page"}],"author":[{"embeddable":true,"href":"https:\/\/senolerdener.com\/vezamandurdu\/wp-json\/wp\/v2\/users\/2"}],"replies":[{"embeddable":true,"href":"https:\/\/senolerdener.com\/vezamandurdu\/wp-json\/wp\/v2\/comments?post=303"}],"version-history":[{"count":7,"href":"https:\/\/senolerdener.com\/vezamandurdu\/wp-json\/wp\/v2\/pages\/303\/revisions"}],"predecessor-version":[{"id":909,"href":"https:\/\/senolerdener.com\/vezamandurdu\/wp-json\/wp\/v2\/pages\/303\/revisions\/909"}],"wp:attachment":[{"href":"https:\/\/senolerdener.com\/vezamandurdu\/wp-json\/wp\/v2\/media?parent=303"}],"curies":[{"name":"wp","href":"https:\/\/api.w.org\/{rel}","templated":true}]}}