{"id":853,"date":"2020-06-05T23:34:00","date_gmt":"2020-06-05T20:34:00","guid":{"rendered":"http:\/\/senolerdener.com\/vezamandurdu\/?page_id=853"},"modified":"2020-06-16T17:31:01","modified_gmt":"2020-06-16T14:31:01","slug":"love-story","status":"publish","type":"page","link":"https:\/\/senolerdener.com\/vezamandurdu\/love-story\/","title":{"rendered":"Love Story"},"content":{"rendered":"<h3><span style=\"color: #333333;\">2019 y\u0131l\u0131ndan itibaren Profesyonel hizmetler sunuyor: <\/span><\/h3>\n<p><span style=\"color: #333333;\">Profesyonel foto\u011fraf \u00e7ekimleri ile <strong>\u015eenol Erdener<\/strong> sizlere hizmet vermektedir. Kaliteli kuma\u015f veya deri alb\u00fcm paketleri. \u00a0Tercihinizle dijital alb\u00fcm ve dijital davetiye hizmeti.<\/span><\/p>\n<p><em><span style=\"color: #333333;\">D\u00fc\u011f\u00fcn Foto\u011fraf \u00c7ekimleri, Moda ve Konsept Foto\u011fraf \u00c7ekimleri, \u00a0\u00d6zel G\u00fcn \u00c7ekimleri -Videography<\/span><\/em><\/p>\n<div id=\"attachment_854\" style=\"width: 610px\" class=\"wp-caption aligncenter\"><a href=\"http:\/\/lovestory.photos\" target=\"_blank\" rel=\"noopener noreferrer\"><img loading=\"lazy\" decoding=\"async\" aria-describedby=\"caption-attachment-854\" class=\"wp-image-854 size-medium\" src=\"http:\/\/senolerdener.com\/vezamandurdu\/wp-content\/uploads\/lovestory-11-600x547.jpg\" alt=\"\" width=\"600\" height=\"547\" srcset=\"https:\/\/senolerdener.com\/vezamandurdu\/wp-content\/uploads\/lovestory-11-600x547.jpg 600w, https:\/\/senolerdener.com\/vezamandurdu\/wp-content\/uploads\/lovestory-11-1024x934.jpg 1024w, https:\/\/senolerdener.com\/vezamandurdu\/wp-content\/uploads\/lovestory-11-768x701.jpg 768w, https:\/\/senolerdener.com\/vezamandurdu\/wp-content\/uploads\/lovestory-11-1536x1401.jpg 1536w, https:\/\/senolerdener.com\/vezamandurdu\/wp-content\/uploads\/lovestory-11-2048x1868.jpg 2048w, https:\/\/senolerdener.com\/vezamandurdu\/wp-content\/uploads\/lovestory-11-1240x1131.jpg 1240w, https:\/\/senolerdener.com\/vezamandurdu\/wp-content\/uploads\/lovestory-11-508x463.jpg 508w\" sizes=\"auto, (max-width: 600px) 100vw, 600px\" \/><\/a><p id=\"caption-attachment-854\" class=\"wp-caption-text\">Bilgi almak i\u00e7in l\u00fctfen g\u00f6rseli t\u0131klay\u0131n\u0131z.<\/p><\/div>\n<div dir=\"ltr\">Size \u00f6zel mekanlar\u0131 birlikte karar veriyor ve samimi foto\u011fraflarda sizin hikayenizi foto\u011frafl\u0131yoruz.<\/div>\n<div dir=\"ltr\"><\/div>\n<div dir=\"ltr\">Profesyonel ekipmanlar ve usta foto\u011fraf\u00e7\u0131 <strong>\u015eenol Erdener<\/strong> LOVESTORY.PHOTOS \u00e7ekimlerinde sizlerle.<\/div>\n<div dir=\"ltr\"><\/div>\n<div dir=\"ltr\">Size \u00f6zel mekanlarda hikayenizi foto\u011frafl\u0131yoruz.<\/div>\n<div dir=\"ltr\"><\/div>\n<h4 dir=\"ltr\"><strong>Elite \u00d6zel Foto\u011fraf \u00c7ekim Paketi\u00a0<\/strong><\/h4>\n<div dir=\"ltr\">&#8211; 2 farkl\u0131 mekanda 4 saat d\u0131\u015f \u00e7ekim<\/div>\n<div dir=\"ltr\">&#8211; B\u00fcy\u00fck boy Panoramik Alb\u00fcm<\/div>\n<div dir=\"ltr\">&#8211; 2 adet aile alb\u00fcm\u00fc, 50cm x 70cm poster bask\u0131<\/div>\n<div dir=\"ltr\">&#8211; \u00c7ekilen t\u00fcm foto\u011fraflar dijital olarak teslim edilir<\/div>\n<h4 dir=\"ltr\"><strong>VIP \u00d6zel Foto\u011fraf \u00c7ekim Paketi<\/strong><\/h4>\n<div dir=\"ltr\">&#8211; 2 farkl\u0131 mekanda 5 saat d\u0131\u015f \u00e7ekim<\/div>\n<div dir=\"ltr\">&#8211; B\u00fcy\u00fck boy Panoramik Alb\u00fcm<\/div>\n<div dir=\"ltr\">&#8211; 2 adet aile alb\u00fcm\u00fc, 50cm x 70cm poster bask\u0131<\/div>\n<div dir=\"ltr\">&#8211; \u00c7ekilen t\u00fcm foto\u011fraflar dijital olarak teslim edilir<\/div>\n<div dir=\"ltr\">&#8211; Video ( 2-3 dk\u2019l\u0131k klip)<\/div>\n<div dir=\"ltr\"><\/div>\n<h4><strong>Verdi\u011fimiz foto\u011fraf\u00e7\u0131l\u0131k hizmetleri<\/strong><\/h4>\n<div>\n<div style=\"text-align: left;\"><strong>D\u00fc\u011f\u00fcn foto\u011fraf\u00e7\u0131l\u0131\u011f\u0131,<\/strong><\/div>\n<div style=\"text-align: left;\"><\/div>\n<div style=\"text-align: left;\"><strong>D\u00fc\u011f\u00fcn hikayesi \u00e7ekimi,<\/strong><\/div>\n<div style=\"text-align: left;\"><\/div>\n<div style=\"text-align: left;\"><strong>D\u00fc\u011f\u00fcn klibi \u00e7ekimi,<\/strong><\/div>\n<div style=\"text-align: left;\"><\/div>\n<div>\n<div style=\"text-align: left;\"><strong>Trash day \u00e7ekimi,<\/strong><\/div>\n<div style=\"text-align: left;\"><\/div>\n<div style=\"text-align: left;\"><strong>Save the date \u00e7ekimi,<\/strong><\/div>\n<div style=\"text-align: left;\"><\/div>\n<div style=\"text-align: left;\"><strong>Ni\u015fan \u00e7ekimi,<\/strong><\/div>\n<div style=\"text-align: left;\"><\/div>\n<div>\n<div style=\"text-align: left;\"><strong>Klip videography \u00e7ekim<\/strong><\/div>\n<div style=\"text-align: left;\"><\/div>\n<div style=\"text-align: left;\"><strong>St\u00fcdyo ya\u015f \u00e7ekimleri<\/strong><\/div>\n<div style=\"text-align: left;\"><\/div>\n<div style=\"text-align: left;\"><strong>Konsept \u00e7ekim<\/strong><\/div>\n<div style=\"text-align: right;\"><\/div>\n<div style=\"text-align: left;\"><strong>Model \u00e7ekimi<\/strong><\/div>\n<div style=\"text-align: left;\">Modelli tekstil foto\u011fraf \u00e7ekimleri<\/div>\n<\/div>\n<\/div>\n<div style=\"text-align: left;\">Katalog \u00e7ekimi,<\/div>\n<div style=\"text-align: left;\">Tekstil \u00fcr\u00fcn \u00e7ekimleri<\/div>\n<div style=\"text-align: left;\">Profesyonel Moda Foto\u011fraf\u00e7\u0131s\u0131<\/div>\n<div style=\"text-align: left;\">Moda foto\u011fraf \u00e7ekimi<\/div>\n<div style=\"text-align: left;\">Reklam foto\u011fraf\u00e7\u0131l\u0131\u011f\u0131<\/div>\n<div style=\"text-align: left;\">\n<div style=\"text-align: right;\"><strong>Cast foto\u011fraf \u00e7ekimi<\/strong><\/div>\n<div style=\"text-align: right;\"><strong>Headshot \u00e7ekimi<\/strong><\/div>\n<div style=\"text-align: right;\"><strong>Kore d\u00fc\u011f\u00fcn foto\u011fraflar\u0131<\/strong><\/div>\n<div style=\"text-align: center;\">Nostalji foto\u011fraf \u00e7ekimi<\/div>\n<div style=\"text-align: center;\">Profesyonel foto\u011fraf<\/div>\n<div style=\"text-align: center;\">Reklam foto\u011fraf \u00e7ekimi<\/div>\n<\/div>\n<div style=\"text-align: left;\">D\u0131\u015f mekan foto\u011fraf\u00e7\u0131l\u0131\u011f\u0131<\/div>\n<div>Klip tan\u0131t\u0131m \u00e7ekimleri<\/div>\n<div>Dron d\u00fc\u011f\u00fcn \u00e7ekimleri<\/div>\n<div>Trabzon D\u00fc\u011f\u00fcn Foto\u011fraf\u00e7\u0131s\u0131<\/div>\n<div>\n<div style=\"text-align: left;\">D\u00fc\u011f\u00fcn sonras\u0131 foto\u011fraf \u00e7ekimi<\/div>\n<div style=\"text-align: left;\">D\u00fc\u011f\u00fcn \u00f6ncesi foto\u011fraf \u00e7ekimi<\/div>\n<div style=\"text-align: left;\">D\u00fc\u011f\u00fcn pozlar\u0131<\/div>\n<\/div>\n<div>Trabzon \u00d6zel G\u00fcn Foto\u011fraf\u00e7\u0131s\u0131<\/div>\n<div>Belgesel d\u00fc\u011f\u00fcn foto\u011fraf\u00e7\u0131s\u0131<\/div>\n<div>Foto\u011fraf \u00c7ekimi<\/div>\n<div style=\"text-align: center;\"><strong>Ki\u015fiye \u00f6zel foto\u011fraf \u00e7ekimi<\/strong><\/div>\n<div style=\"text-align: center;\"><strong>Ki\u015fisel foto\u011fraf \u00e7ekimi<\/strong><\/div>\n<div><\/div>\n<div><\/div>\n<div><\/div>\n<\/div>\n<div><\/div>\n<p>&nbsp;<\/p>\n","protected":false},"excerpt":{"rendered":"<p>2019 y\u0131l\u0131ndan itibaren Profesyonel hizmetler sunuyor: Profesyonel foto\u011fraf \u00e7ekimleri ile \u015eenol Erdener sizlere hizmet vermektedir. Kaliteli kuma\u015f veya deri alb\u00fcm paketleri. \u00a0Tercihinizle dijital alb\u00fcm ve dijital davetiye hizmeti. D\u00fc\u011f\u00fcn Foto\u011fraf \u00c7ekimleri, Moda ve Konsept Foto\u011fraf \u00c7ekimleri, \u00a0\u00d6zel G\u00fcn \u00c7ekimleri -Videography Size \u00f6zel mekanlar\u0131 birlikte karar veriyor ve samimi foto\u011fraflarda sizin hikayenizi foto\u011frafl\u0131yoruz. Profesyonel ekipmanlar ve [&hellip;]<\/p>\n","protected":false},"author":1,"featured_media":0,"parent":0,"menu_order":0,"comment_status":"closed","ping_status":"closed","template":"","meta":{"footnotes":""},"class_list":["post-853","page","type-page","status-publish","hentry"],"_links":{"self":[{"href":"https:\/\/senolerdener.com\/vezamandurdu\/wp-json\/wp\/v2\/pages\/853","targetHints":{"allow":["GET"]}}],"collection":[{"href":"https:\/\/senolerdener.com\/vezamandurdu\/wp-json\/wp\/v2\/pages"}],"about":[{"href":"https:\/\/senolerdener.com\/vezamandurdu\/wp-json\/wp\/v2\/types\/page"}],"author":[{"embeddable":true,"href":"https:\/\/senolerdener.com\/vezamandurdu\/wp-json\/wp\/v2\/users\/1"}],"replies":[{"embeddable":true,"href":"https:\/\/senolerdener.com\/vezamandurdu\/wp-json\/wp\/v2\/comments?post=853"}],"version-history":[{"count":21,"href":"https:\/\/senolerdener.com\/vezamandurdu\/wp-json\/wp\/v2\/pages\/853\/revisions"}],"predecessor-version":[{"id":908,"href":"https:\/\/senolerdener.com\/vezamandurdu\/wp-json\/wp\/v2\/pages\/853\/revisions\/908"}],"wp:attachment":[{"href":"https:\/\/senolerdener.com\/vezamandurdu\/wp-json\/wp\/v2\/media?parent=853"}],"curies":[{"name":"wp","href":"https:\/\/api.w.org\/{rel}","templated":true}]}}