{"id":858,"date":"2020-06-05T23:39:55","date_gmt":"2020-06-05T20:39:55","guid":{"rendered":"http:\/\/senolerdener.com\/vezamandurdu\/?page_id=858"},"modified":"2020-06-18T12:49:51","modified_gmt":"2020-06-18T09:49:51","slug":"muge-ltd","status":"publish","type":"page","link":"https:\/\/senolerdener.com\/vezamandurdu\/muge-ltd\/","title":{"rendered":"M\u00fcge Ltd"},"content":{"rendered":"<p><span style=\"color: #333333;\">M\u00dcGE LTD<br \/>\n1971 y\u0131l\u0131ndan beri Trabzon&#8217;da hizmet veren parf\u00fcmeri, kozmetik, i\u00e7giyim, \u00e7eyiz, aksesuar, g\u00fczellik salonu \u00a0hizmetleri sunan sekt\u00f6r\u00fcnde \u00f6nc\u00fc bir kurulu\u015f.<br \/>\n<\/span><\/p>\n<div id=\"attachment_855\" style=\"width: 610px\" class=\"wp-caption aligncenter\"><a href=\"http:\/\/mugeparfum.com\" target=\"_blank\" rel=\"noopener noreferrer\"><img loading=\"lazy\" decoding=\"async\" aria-describedby=\"caption-attachment-855\" class=\"wp-image-855 size-medium\" src=\"http:\/\/senolerdener.com\/vezamandurdu\/wp-content\/uploads\/muge-ltd-600x378.jpg\" alt=\"\" width=\"600\" height=\"378\" srcset=\"https:\/\/senolerdener.com\/vezamandurdu\/wp-content\/uploads\/muge-ltd-600x378.jpg 600w, https:\/\/senolerdener.com\/vezamandurdu\/wp-content\/uploads\/muge-ltd-768x484.jpg 768w, https:\/\/senolerdener.com\/vezamandurdu\/wp-content\/uploads\/muge-ltd-508x320.jpg 508w, https:\/\/senolerdener.com\/vezamandurdu\/wp-content\/uploads\/muge-ltd.jpg 842w\" sizes=\"auto, (max-width: 600px) 100vw, 600px\" \/><\/a><p id=\"caption-attachment-855\" class=\"wp-caption-text\">Bilgi almak i\u00e7in l\u00fctfen g\u00f6rseli t\u0131klay\u0131n\u0131z.<\/p><\/div>\n","protected":false},"excerpt":{"rendered":"<p>M\u00dcGE LTD 1971 y\u0131l\u0131ndan beri Trabzon&#8217;da hizmet veren parf\u00fcmeri, kozmetik, i\u00e7giyim, \u00e7eyiz, aksesuar, g\u00fczellik salonu \u00a0hizmetleri sunan sekt\u00f6r\u00fcnde \u00f6nc\u00fc bir kurulu\u015f.<\/p>\n","protected":false},"author":1,"featured_media":0,"parent":0,"menu_order":0,"comment_status":"closed","ping_status":"closed","template":"","meta":{"footnotes":""},"class_list":["post-858","page","type-page","status-publish","hentry"],"_links":{"self":[{"href":"https:\/\/senolerdener.com\/vezamandurdu\/wp-json\/wp\/v2\/pages\/858","targetHints":{"allow":["GET"]}}],"collection":[{"href":"https:\/\/senolerdener.com\/vezamandurdu\/wp-json\/wp\/v2\/pages"}],"about":[{"href":"https:\/\/senolerdener.com\/vezamandurdu\/wp-json\/wp\/v2\/types\/page"}],"author":[{"embeddable":true,"href":"https:\/\/senolerdener.com\/vezamandurdu\/wp-json\/wp\/v2\/users\/1"}],"replies":[{"embeddable":true,"href":"https:\/\/senolerdener.com\/vezamandurdu\/wp-json\/wp\/v2\/comments?post=858"}],"version-history":[{"count":3,"href":"https:\/\/senolerdener.com\/vezamandurdu\/wp-json\/wp\/v2\/pages\/858\/revisions"}],"predecessor-version":[{"id":910,"href":"https:\/\/senolerdener.com\/vezamandurdu\/wp-json\/wp\/v2\/pages\/858\/revisions\/910"}],"wp:attachment":[{"href":"https:\/\/senolerdener.com\/vezamandurdu\/wp-json\/wp\/v2\/media?parent=858"}],"curies":[{"name":"wp","href":"https:\/\/api.w.org\/{rel}","templated":true}]}}